{"id":55,"date":"2014-03-14T10:47:14","date_gmt":"2014-03-14T09:47:14","guid":{"rendered":"http:\/\/cem-concept.com\/?page_id=55"},"modified":"2020-01-18T11:10:03","modified_gmt":"2020-01-18T10:10:03","slug":"demarche","status":"publish","type":"page","link":"https:\/\/cem-concept.com\/?page_id=55","title":{"rendered":"PRESENTATION"},"content":{"rendered":"<p><b>DESIGN ATYPIQUE DE PROTOTYPES ARTISTIQUES<span class=\"Apple-converted-space\">\u00a0 <\/span>SELON<span class=\"Apple-converted-space\">\u00a0 <\/span>UN PROC\u00c9D\u00c9\u00a0<\/b><b>D&rsquo;IMBRICATION NATURELLE PUIS D&rsquo;ASSEMBLAGE (PAR BOULONNERIE\/ AXES\/ PINCEMENTS) D&rsquo;\u00c9L\u00c9MENTS DE R\u00c9CUP\u00c9RATION RIGOUREUSEMENT S\u00c9LECTIONN\u00c9S ET VOLONTAIREMENT GARD\u00c9S INTACTS.<\/b><\/p>\n<p>J\u00e9r\u00f4me Cem Ispanak\u00e7i, cr\u00e9ateur ind\u00e9pendant, n\u00e9 \u00e0 Nice en 1973.<\/p>\n<p>Cette vocation pour le d\u00e9tournement et la sublimation d\u2019objets a germ\u00e9 d\u00e8s le plus jeune \u00e2ge avec la d\u00e9couverte des LEGO et leurs possibilit\u00e9s infinies d\u2019expression libre par assemblages.<\/p>\n<p>Passionn\u00e9 par les r\u00e9solutions techniques et esth\u00e9tiques la d\u00e9marche s\u2019est progressivement et concr\u00e8tement instaur\u00e9e lors de l\u2019exploration de l\u2019univers horloger quelques ann\u00e9es plus tard.<\/p>\n<p>Une formation en architecture d\u2019int\u00e9rieur a permis d\u2019affiner les perceptions initiales li\u00e9es au design, \u00e0 l\u2019espace, l\u2019ergonomie et les proportions.<\/p>\n<p>Une formation autodidacte continue dans la plupart des corps d\u2019\u00e9tat a permis quant \u00e0 elle de repousser, contourner, utiliser la plupart des contraintes techniques.<\/p>\n<p>Pour continuer \u00e0 mat\u00e9rialiser des inspirations cr\u00e9atrices toujours grandissantes, cette qu\u00eate effr\u00e9n\u00e9e de formes fluides, technicit\u00e9 et mati\u00e8res qualitatives s\u2019est pr\u00e9cis\u00e9e ensuite par l\u2019int\u00e9gration dans les oeuvres de tous les objets existants possibles et imaginables r\u00e9pondant potentiellement \u00e0 ces crit\u00e8res.<\/p>\n<p>A l\u2019image d\u2019un dessin libre puis puzzle en 3 dimensions, les \u00abtraits\u00bb sont mat\u00e9rialis\u00e9s par les lignes ext\u00e9rieures des objets d\u00e9couverts.<\/p>\n<p>Ces derniers, rigoureusement s\u00e9lectionn\u00e9s, orchestr\u00e9s et employ\u00e9s intacts ( aucun trou artificiel, coupe, soudure ni modification), d\u00e9cident ainsi de la composition \u00e0 venir qui appara\u00eet progressivement puis s\u2019impose, ainsi que les symboliques qui peuvent l\u2019accompagner.<\/p>\n","protected":false},"excerpt":{"rendered":"<p>DESIGN ATYPIQUE DE PROTOTYPES ARTISTIQUES\u00a0 SELON\u00a0 UN PROC\u00c9D\u00c9\u00a0D&rsquo;IMBRICATION NATURELLE PUIS D&rsquo;ASSEMBLAGE (PAR BOULONNERIE\/ AXES\/ PINCEMENTS) D&rsquo;\u00c9L\u00c9MENTS DE R\u00c9CUP\u00c9RATION RIGOUREUSEMENT S\u00c9LECTIONN\u00c9S ET VOLONTAIREMENT GARD\u00c9S INTACTS. J\u00e9r\u00f4me Cem Ispanak\u00e7i, cr\u00e9ateur ind\u00e9pendant, n\u00e9 \u00e0 Nice en 1973. Cette vocation pour le d\u00e9tournement et la sublimation d\u2019objets a germ\u00e9 d\u00e8s le plus jeune \u00e2ge avec la d\u00e9couverte des LEGO [&hellip;]<\/p>\n","protected":false},"author":1,"featured_media":0,"parent":0,"menu_order":0,"comment_status":"open","ping_status":"open","template":"","meta":{"footnotes":""},"class_list":["post-55","page","type-page","status-publish","hentry"],"_links":{"self":[{"href":"https:\/\/cem-concept.com\/index.php?rest_route=\/wp\/v2\/pages\/55","targetHints":{"allow":["GET"]}}],"collection":[{"href":"https:\/\/cem-concept.com\/index.php?rest_route=\/wp\/v2\/pages"}],"about":[{"href":"https:\/\/cem-concept.com\/index.php?rest_route=\/wp\/v2\/types\/page"}],"author":[{"embeddable":true,"href":"https:\/\/cem-concept.com\/index.php?rest_route=\/wp\/v2\/users\/1"}],"replies":[{"embeddable":true,"href":"https:\/\/cem-concept.com\/index.php?rest_route=%2Fwp%2Fv2%2Fcomments&post=55"}],"version-history":[{"count":14,"href":"https:\/\/cem-concept.com\/index.php?rest_route=\/wp\/v2\/pages\/55\/revisions"}],"predecessor-version":[{"id":615,"href":"https:\/\/cem-concept.com\/index.php?rest_route=\/wp\/v2\/pages\/55\/revisions\/615"}],"wp:attachment":[{"href":"https:\/\/cem-concept.com\/index.php?rest_route=%2Fwp%2Fv2%2Fmedia&parent=55"}],"curies":[{"name":"wp","href":"https:\/\/api.w.org\/{rel}","templated":true}]}}