{"id":129,"date":"2016-01-05T17:52:32","date_gmt":"2016-01-05T16:52:32","guid":{"rendered":"http:\/\/cem-concept.com\/?page_id=129"},"modified":"2020-01-20T17:25:18","modified_gmt":"2020-01-20T16:25:18","slug":"cem-concept","status":"publish","type":"page","link":"https:\/\/cem-concept.com\/?page_id=129","title":{"rendered":"CEM CONCEPT"},"content":{"rendered":"<p>C.E.M &#8211; CONCEPT<br \/>\nCreative Engineering Management<\/p>\n<p>Cr\u00e9ateur d\u2019insolite par l\u2019Eco &#8211; Logique<\/p>\n<p>&#8211; ORCHESTRATION d\u2019objets par d\u00e9tournement  conceptuel<\/p>\n<p>&#8211; RESOLUTIONS CREATIVES associant Technique et Esth\u00e9tique<\/p>\n<p>Cr\u00e9ations par fusion (assemblages sans per\u00e7age, coupe, soudure ou<br \/>\nquelconque modification) d\u2019\u00e9l\u00e9ments existants :<br \/>\n&#8211; De r\u00e9cup\u00e9ration<br \/>\n&#8211; De production<br \/>\n( Industrie automobile, a\u00e9ronautique, navale, horlog\u00e8re, etc \u2026 )<\/p>\n<p>REALISATIONS A THEME sur commande<br \/>\nTOUTES DIMENSIONS<br \/>\nTOUS MATERIAUX ( BOIS &#8211; PLASTIQUE &#8211; METAL )<\/p>\n","protected":false},"excerpt":{"rendered":"<p>C.E.M &#8211; CONCEPT Creative Engineering Management Cr\u00e9ateur d\u2019insolite par l\u2019Eco &#8211; Logique &#8211; ORCHESTRATION d\u2019objets par d\u00e9tournement conceptuel &#8211; RESOLUTIONS CREATIVES associant Technique et Esth\u00e9tique Cr\u00e9ations par fusion (assemblages sans per\u00e7age, coupe, soudure ou quelconque modification) d\u2019\u00e9l\u00e9ments existants : &#8211; De r\u00e9cup\u00e9ration &#8211; De production ( Industrie automobile, a\u00e9ronautique, navale, horlog\u00e8re, etc \u2026 ) REALISATIONS [&hellip;]<\/p>\n","protected":false},"author":1,"featured_media":0,"parent":0,"menu_order":0,"comment_status":"open","ping_status":"open","template":"","meta":{"footnotes":""},"class_list":["post-129","page","type-page","status-publish","hentry"],"_links":{"self":[{"href":"https:\/\/cem-concept.com\/index.php?rest_route=\/wp\/v2\/pages\/129","targetHints":{"allow":["GET"]}}],"collection":[{"href":"https:\/\/cem-concept.com\/index.php?rest_route=\/wp\/v2\/pages"}],"about":[{"href":"https:\/\/cem-concept.com\/index.php?rest_route=\/wp\/v2\/types\/page"}],"author":[{"embeddable":true,"href":"https:\/\/cem-concept.com\/index.php?rest_route=\/wp\/v2\/users\/1"}],"replies":[{"embeddable":true,"href":"https:\/\/cem-concept.com\/index.php?rest_route=%2Fwp%2Fv2%2Fcomments&post=129"}],"version-history":[{"count":24,"href":"https:\/\/cem-concept.com\/index.php?rest_route=\/wp\/v2\/pages\/129\/revisions"}],"predecessor-version":[{"id":617,"href":"https:\/\/cem-concept.com\/index.php?rest_route=\/wp\/v2\/pages\/129\/revisions\/617"}],"wp:attachment":[{"href":"https:\/\/cem-concept.com\/index.php?rest_route=%2Fwp%2Fv2%2Fmedia&parent=129"}],"curies":[{"name":"wp","href":"https:\/\/api.w.org\/{rel}","templated":true}]}}